{"id":685,"date":"2026-03-14T10:49:54","date_gmt":"2026-03-14T09:49:54","guid":{"rendered":"https:\/\/funnypat-creation.com\/blog\/?page_id=685"},"modified":"2026-03-14T11:20:13","modified_gmt":"2026-03-14T10:20:13","slug":"laventure-funnypat","status":"publish","type":"page","link":"https:\/\/funnypat-creation.com\/blog\/laventure-funnypat\/","title":{"rendered":"A propos :\u00a0\u00bbL&rsquo;aventure Funnypat\u00a0\u00bb"},"content":{"rendered":"\n<h2 class=\"wp-block-heading\">La\u00a0FunnyFactory\u00a0: L\u2019aventure\u00a0Funnypat\u00a0! \ud83d\ude80\u00a0\u00a0<\/h2>\n\n\n\n<p>On ne va pas se mentir : quand on commence la p\u00e2te polym\u00e8re, on tombe vite amoureuse&#8230; mais quand j\u2019ai d\u00e9but\u00e9 en&nbsp;2014, c\u2019\u00e9tait un peu le parcours du combattant !&nbsp;&nbsp;<\/p>\n\n\n\n<p>\u00c0 l\u2019\u00e9poque, le choix d&rsquo;outils \u00e9tait tr\u00e8s limit\u00e9. On devait se contenter d\u2019emporte-pi\u00e8ces en m\u00e9tal avec une&nbsp;soudure tr\u00e8s pr\u00e9sente&nbsp;qui marquait toutes nos cr\u00e9ations (et nous obligeait \u00e0 des heures de pon\u00e7age&#8230;). Pour les textures, c\u2019\u00e9tait le r\u00e8gne du&nbsp;syst\u00e8me D&nbsp;: je recyclais tout ce qui me tombait sous la main ! Bo\u00eetes de croissants, semelles de chaussures, papier peint&#8230; Tout \u00e9tait pr\u00e9texte \u00e0 cr\u00e9er une empreinte. Apr\u00e8s avoir test\u00e9 des marques de p\u00e2tes qui m\u2019ont parfois d\u00e9\u00e7ue, j\u2019ai compris qu\u2019il fallait des outils \u00e0 la hauteur de notre imagination.&nbsp;&nbsp;<\/p>\n\n\n\n<p>Install\u00e9e \u00e0\u00a0Saint-Cyr-l\u2019\u00c9cole (78), j\u2019ai cr\u00e9\u00e9 la\u00a0FunnyFactory\u00a0pour offrir aux cr\u00e9atrices les outils que j\u2019aurais r\u00eav\u00e9 d\u2019avoir \u00e0 mes d\u00e9buts.\u00a0\u00a0<\/p>\n\n\n\n<p>Aujourd&rsquo;hui, j&rsquo;allie mon exp\u00e9rience du terrain \u00e0 la technologie de l&rsquo;impression 3D :&nbsp;&nbsp;<\/p>\n\n\n\n<p>Adieu les soudures :&nbsp;Nos emporte-pi\u00e8ces en PLA offrent une d\u00e9coupe nette pour vous \u00e9viter les finitions interminables.&nbsp;&nbsp;<\/p>\n\n\n\n<p>Des textures pens\u00e9es pour vous :&nbsp;Fini les bo\u00eetes de croissants ! Nos rouleaux sont mod\u00e9lis\u00e9s pour un relief parfait et professionnel.&nbsp;&nbsp;<\/p>\n\n\n\n<p>Une s\u00e9lection sans faille :&nbsp;Je ne vous propose que ce que j&rsquo;utilise moi-m\u00eame au quotidien, comme la p\u00e2te&nbsp;Cernit, pour vous garantir une qualit\u00e9 constante.&nbsp;&nbsp;<\/p>\n\n\n\n<h2 class=\"wp-block-heading\">\u2728 Ma mission : Vous faire gagner du temps (et du plaisir !)&nbsp;&nbsp;<\/h2>\n\n\n\n<p>Ma plus grande fiert\u00e9 est de vous permettre de&nbsp;r\u00e9aliser enfin les formes que vous avez dans la t\u00eate.&nbsp;&nbsp;<\/p>\n\n\n\n<p>Que vous soyez une pro du&nbsp;Mica Shift&nbsp;ou que vous fassiez vos premiers pas, je suis l\u00e0 pour vous partager mes astuces \u2014 de la taille id\u00e9ale de vos boucles \u00e0 la technique de l&rsquo;attache coordonn\u00e9e.&nbsp;&nbsp;<\/p>\n\n\n\n<p>Chaque outil qui sort de mon atelier en&nbsp;PLA biod\u00e9gradable&nbsp;est test\u00e9 et valid\u00e9 sur la p\u00e2te avant de rejoindre votre table de travail. Parce que votre cr\u00e9ativit\u00e9 m\u00e9rite ce qu&rsquo;il y a de mieux.&nbsp;&nbsp;<\/p>\n","protected":false},"excerpt":{"rendered":"<p>\u00ab\u00a0D\u00e9couvrez l&rsquo;histoire de Funnypat, cr\u00e9atrice \u00e0 Saint-Cyr-l\u2019\u00c9cole, et les secrets de fabrication des emporte-pi\u00e8ces FunnyFactory depuis 2014.\u00a0\u00bb<\/p>\n","protected":false},"author":1,"featured_media":0,"parent":0,"menu_order":0,"comment_status":"closed","ping_status":"closed","template":"","meta":{"footnotes":""},"class_list":["post-685","page","type-page","status-publish","czr-hentry"],"_links":{"self":[{"href":"https:\/\/funnypat-creation.com\/blog\/wp-json\/wp\/v2\/pages\/685","targetHints":{"allow":["GET"]}}],"collection":[{"href":"https:\/\/funnypat-creation.com\/blog\/wp-json\/wp\/v2\/pages"}],"about":[{"href":"https:\/\/funnypat-creation.com\/blog\/wp-json\/wp\/v2\/types\/page"}],"author":[{"embeddable":true,"href":"https:\/\/funnypat-creation.com\/blog\/wp-json\/wp\/v2\/users\/1"}],"replies":[{"embeddable":true,"href":"https:\/\/funnypat-creation.com\/blog\/wp-json\/wp\/v2\/comments?post=685"}],"version-history":[{"count":3,"href":"https:\/\/funnypat-creation.com\/blog\/wp-json\/wp\/v2\/pages\/685\/revisions"}],"predecessor-version":[{"id":697,"href":"https:\/\/funnypat-creation.com\/blog\/wp-json\/wp\/v2\/pages\/685\/revisions\/697"}],"wp:attachment":[{"href":"https:\/\/funnypat-creation.com\/blog\/wp-json\/wp\/v2\/media?parent=685"}],"curies":[{"name":"wp","href":"https:\/\/api.w.org\/{rel}","templated":true}]}}